{"id":12546,"date":"2024-09-12T17:41:56","date_gmt":"2024-09-12T15:41:56","guid":{"rendered":"https:\/\/cms.zdv.uni-mainz.de\/fb02-soz-quant\/dr-juergen-schiener\/"},"modified":"2025-05-07T17:17:55","modified_gmt":"2025-05-07T15:17:55","slug":"dr-juergen-schiener","status":"publish","type":"page","link":"https:\/\/quantitative-methoden.soziologie.uni-mainz.de\/en\/dr-juergen-schiener\/","title":{"rendered":"Profile: Dr. J\u00fcrgen Schiener"},"content":{"rendered":"\n<div class=\"wp-block-media-text is-vertically-aligned-top wp-elements-1765605882de3d0b320c23d9f60c9c73\" style=\"grid-template-columns:19% auto\"><figure class=\"wp-block-media-text__media\"><img decoding=\"async\" src=\"https:\/\/quantitative-methoden.soziologie.uni-mainz.de\/wp-content\/uploads\/sites\/360\/2024\/09\/JuergenSchiener_2020-251x300-1.jpg\" alt=\"\" class=\"wp-image-9584 size-full\" \/><\/figure><div class=\"wp-block-media-text__content\"><jgu-base-heading react-props=\"{\n    &quot;tags&quot;: {\n        &quot;htmlTag&quot;: &quot;h2&quot;,\n        &quot;classTag&quot;: &quot;&quot;,\n        &quot;tag&quot;: &quot;h2&quot;\n    },\n    &quot;heading&quot;: &quot;Dr. J\\u00fcrgen Schiener&quot;,\n    &quot;textAlign&quot;: &quot;left&quot;,\n    &quot;anchor&quot;: &quot;&quot;,\n    &quot;index&quot;: &quot;&quot;,\n    &quot;color&quot;: &quot;red&quot;\n}\"><\/jgu-base-heading>\n\n\n<jgu-base-heading react-props=\"{\n    &quot;tags&quot;: {\n        &quot;htmlTag&quot;: &quot;h3&quot;,\n        &quot;classTag&quot;: &quot;&quot;,\n        &quot;tag&quot;: &quot;h3&quot;\n    },\n    &quot;heading&quot;: &quot;Main areas of work&quot;,\n    &quot;textAlign&quot;: &quot;left&quot;,\n    &quot;anchor&quot;: &quot;&quot;,\n    &quot;index&quot;: &quot;&quot;,\n    &quot;color&quot;: &quot;red&quot;\n}\"><\/jgu-base-heading>\n\n\n\n<p>Statistics<br\/>Labor market research<br\/>Educational research<br\/>Quantitative methods of empirical social research<\/p>\n\n\n\n<p><\/p>\n\n\n\n<div class=\"wp-block-group is-layout-constrained wp-block-group-is-layout-constrained\"><jgu-base-accordion react-props=\"{&quot;selected&quot;:3,&quot;align&quot;:&quot;wide&quot;,&quot;hasAllOpenButton&quot;:true,&quot;onlyOne&quot;:false,&quot;initAllClosed&quot;:true,&quot;enableSearch&quot;:false}\">\n    \n<jgu-base-accordionitem react-props=\"{&quot;title&quot;:&quot;Vita&quot;,&quot;init&quot;:false,&quot;slug&quot;:&quot;vita&quot;,&quot;align&quot;:&quot;wide&quot;,&quot;customSlug&quot;:false}\">\n    \n\n<p><a href=\"https:\/\/quantitative-methoden.soziologie.uni-mainz.de\/files\/2021\/04\/Lebenslauf_Schiener.pdf\">C. V. Schiener<\/a><\/p>\n\n\n<\/jgu-base-accordionitem>\n\n<jgu-base-accordionitem react-props=\"{&quot;title&quot;:&quot;Contact&quot;,&quot;init&quot;:false,&quot;slug&quot;:&quot;kontakt&quot;,&quot;align&quot;:&quot;wide&quot;,&quot;customSlug&quot;:false}\">\n    \n\n<p>Dr. J\u00fcrgen Schiener<\/p>\n\n\n\n<p>Institute of Sociology<br\/>Organization of Work and Business working group<br\/>Jakob-Welder-Weg 12<br\/>55128 Mainz<br\/>Room 03-439, Georg Forster Building<\/p>\n\n\n\n<p>Phone: +49 (0)6131-39-24705<br\/>Fax: +49 (0)6131-39-26157<br\/>E-mail: <a href=\"mailto:juergen.schiener@uni-mainz.de\">juergen.schiener@uni-mainz.de<\/a><\/p>\n\n\n<\/jgu-base-accordionitem>\n\n<jgu-base-accordionitem react-props=\"{&quot;title&quot;:&quot;Consultation hours&quot;,&quot;init&quot;:false,&quot;slug&quot;:&quot;sprechstunden&quot;,&quot;align&quot;:&quot;wide&quot;,&quot;customSlug&quot;:false}\">\n    \n\n<p>by telephone, n.V. by e-mail<\/p>\n\n\n<\/jgu-base-accordionitem>\n\n<jgu-base-accordionitem react-props=\"{&quot;title&quot;:&quot;Teaching&quot;,&quot;init&quot;:false,&quot;slug&quot;:&quot;lehre&quot;,&quot;align&quot;:&quot;wide&quot;,&quot;customSlug&quot;:false}\">\n    \n\t<ol class=\"wp-block-list has-big-font-size\">\n\t\t\t\t\t<li>\n\t\t\t<a href=\"?event_id=395465920607150&amp;skip_groups=false\">\n\t\t\t\tAG: Fragen der angewandten Statistik<\/a><br>\n\t\t\t\tInstructor: Dr. J\u00fcrgen Schiener\t\t\t\t\t\t<\/li>\n\t\t\t\t\t<li>\n\t\t\t<a href=\"?event_id=395525609567060&amp;skip_groups=false\">\n\t\t\t\tProjektseminar: Forschungspraktikum<\/a><br>\n\t\t\t\tInstructor: Dr. Dirk B\u00f6pple; Georg Kolbeck; Dr. J\u00fcrgen Schiener; Svenja Wassenberg\t\t\t\t\t\t<\/li>\n\t\t\t\t\t<li>\n\t\t\t<a href=\"?event_id=395465299668584&amp;skip_groups=false\">\n\t\t\t\tProjektseminar: Soziale Unterschiede und moralische Urteile (Teil 1)<\/a><br>\n\t\t\t\tInstructor: Dr. J\u00fcrgen Schiener; Dr. Nico Sonntag\t\t\t\t\t\t<\/li>\n\t\t\t\t\t<li>\n\t\t\t<a href=\"?event_id=395465390647616&amp;skip_groups=false\">\n\t\t\t\tSeminar: Methoden der quantitativen empirischen Sozialforschung<\/a><br>\n\t\t\t\tInstructor: Johanna Hoff; Sarah Mandrella; Dr. J\u00fcrgen Schiener; Dr. Frank Sin\u00df; Dr. Miriam Tr\u00fcbner\t\t\t\t\t\t<\/li>\n\t\t\t\t\t<li>\n\t\t\t<a href=\"?event_id=395525746302140&amp;skip_groups=false\">\n\t\t\t\tSeminar: Organisationssoziologie<\/a><br>\n\t\t\t\tInstructor: Dr. J\u00fcrgen Schiener\t\t\t\t\t\t<\/li>\n\t\t\t\t\t<li>\n\t\t\t<a href=\"?event_id=395465299614587&amp;skip_groups=false\">\n\t\t\t\tTutorium: Soziale Unterschiede und moralische Urteile Tutorium (Teil 1)\u00a0<\/a><br>\n\t\t\t\tInstructor: Dr. J\u00fcrgen Schiener; Dr. Nico Sonntag\t\t\t\t\t\t<\/li>\n\t\t<\/ol>\n\t<hr>\n<p>\n\tSoSe 2026\t<\/p>\n\n\n\n<\/jgu-base-accordionitem>\n\n<\/jgu-base-accordion>\n<\/div>\n<\/div><\/div>\n\n<div style=\"height:90px\" aria-hidden=\"true\" class=\"wp-block-spacer\"><\/div>\n\n<p class=\"has-text-align-left\"><\/p>\n    <div style=\"display: none\">\n        \n    <\/div>","protected":false},"excerpt":{"rendered":"","protected":false},"author":789,"featured_media":0,"parent":0,"menu_order":0,"comment_status":"closed","ping_status":"closed","template":"","meta":{"footnotes":""},"categories":[],"tags":[],"class_list":["post-12546","page","type-page","status-publish","hentry"],"content_raw":"<!-- wp:media-text {\"mediaId\":9584,\"mediaLink\":\"https:\/\/cms.zdv.uni-mainz.de\/fb02-soz-quant\/dr-juergen-schiener\/juergenschiener_2020-251x300\/\",\"mediaType\":\"image\",\"mediaWidth\":19,\"isStackedOnMobile\":false,\"verticalAlignment\":\"top\",\"style\":{\"elements\":{\"h1\":{\"color\":{\"gradient\":\"var:preset|gradient|blush-bordeaux\"}}}},\"translatedWithWPMLTM\":\"1\"} -->\n<div class=\"wp-block-media-text is-vertically-aligned-top\" style=\"grid-template-columns:19% auto\"><figure class=\"wp-block-media-text__media\"><img src=\"https:\/\/cms.zdv.uni-mainz.de\/fb02-soz-quant\/wp-content\/uploads\/sites\/360\/2024\/09\/JuergenSchiener_2020-251x300-1.jpg\" alt=\"\" class=\"wp-image-9584 size-full\" \/><\/figure><div class=\"wp-block-media-text__content\"><!-- wp:jgu\/heading {\"tags\":{\"htmlTag\":\"h2\",\"classTag\":\"\",\"tag\":\"h2\"},\"heading\":\"Dr. J\u00fcrgen Schiener\"} \/-->\n\n<!-- wp:jgu\/heading {\"tags\":{\"htmlTag\":\"h3\",\"classTag\":\"\",\"tag\":\"h3\"},\"heading\":\"Main areas of work\"} \/-->\n\n<!-- wp:paragraph {\"translatedWithWPMLTM\":\"1\"} -->\n<p>Statistics<br\/>Labor market research<br\/>Educational research<br\/>Quantitative methods of empirical social research<\/p>\n<!-- \/wp:paragraph -->\n\n<!-- wp:paragraph -->\n<p><\/p>\n<!-- \/wp:paragraph -->\n\n<!-- wp:group {\"layout\":{\"type\":\"constrained\"}} -->\n<div class=\"wp-block-group\"><!-- wp:jgu\/accordion {\"selected\":3} -->\n<!-- wp:jgu\/accordion-item {\"title\":\"Vita\",\"init\":false,\"slug\":\"vita\"} -->\n<!-- wp:paragraph -->\n<p><a href=\"https:\/\/quantitative-methoden.soziologie.uni-mainz.de\/files\/2021\/04\/Lebenslauf_Schiener.pdf\">C. V. Schiener<\/a><\/p>\n<!-- \/wp:paragraph -->\n<!-- \/wp:jgu\/accordion-item -->\n\n<!-- wp:jgu\/accordion-item {\"title\":\"Contact\",\"init\":false,\"slug\":\"kontakt\"} -->\n<!-- wp:paragraph -->\n<p>Dr. J\u00fcrgen Schiener<\/p>\n<!-- \/wp:paragraph -->\n\n<!-- wp:paragraph {\"translatedWithWPMLTM\":\"1\"} -->\n<p>Institute of Sociology<br\/>Organization of Work and Business working group<br\/>Jakob-Welder-Weg 12<br\/>55128 Mainz<br\/>Room 03-439, Georg Forster Building<\/p>\n<!-- \/wp:paragraph -->\n\n<!-- wp:paragraph {\"translatedWithWPMLTM\":\"1\"} -->\n<p>Phone: +49 (0)6131-39-24705<br\/>Fax: +49 (0)6131-39-26157<br\/>E-mail: <a href=\"mailto:juergen.schiener@uni-mainz.de\">juergen.schiener@uni-mainz.de<\/a><\/p>\n<!-- \/wp:paragraph -->\n<!-- \/wp:jgu\/accordion-item -->\n\n<!-- wp:jgu\/accordion-item {\"title\":\"Consultation hours\",\"init\":false,\"slug\":\"sprechstunden\"} -->\n<!-- wp:paragraph {\"translatedWithWPMLTM\":\"1\"} -->\n<p>by telephone, n.V. by e-mail<\/p>\n<!-- \/wp:paragraph -->\n<!-- \/wp:jgu\/accordion-item -->\n\n<!-- wp:jgu\/accordion-item {\"title\":\"Teaching\",\"init\":false,\"slug\":\"lehre\"} -->\n<!-- wp:jgu\/jogustine {\"instructor\":\"J\u00fcrgen Schiener\"} \/-->\n<!-- \/wp:jgu\/accordion-item -->\n<!-- \/wp:jgu\/accordion --><\/div>\n<!-- \/wp:group --><\/div><\/div>\n<!-- \/wp:media-text --><!-- wp:spacer -->\n<div style=\"height:90px\" aria-hidden=\"true\" class=\"wp-block-spacer\"><\/div>\n<!-- \/wp:spacer --><!-- wp:paragraph {\"align\":\"left\"} -->\n<p class=\"has-text-align-left\"><\/p>\n<!-- \/wp:paragraph -->","_links":{"self":[{"href":"https:\/\/quantitative-methoden.soziologie.uni-mainz.de\/en\/wp-json\/wp\/v2\/pages\/12546","targetHints":{"allow":["GET"]}}],"collection":[{"href":"https:\/\/quantitative-methoden.soziologie.uni-mainz.de\/en\/wp-json\/wp\/v2\/pages"}],"about":[{"href":"https:\/\/quantitative-methoden.soziologie.uni-mainz.de\/en\/wp-json\/wp\/v2\/types\/page"}],"author":[{"embeddable":true,"href":"https:\/\/quantitative-methoden.soziologie.uni-mainz.de\/en\/wp-json\/wp\/v2\/users\/789"}],"replies":[{"embeddable":true,"href":"https:\/\/quantitative-methoden.soziologie.uni-mainz.de\/en\/wp-json\/wp\/v2\/comments?post=12546"}],"version-history":[{"count":4,"href":"https:\/\/quantitative-methoden.soziologie.uni-mainz.de\/en\/wp-json\/wp\/v2\/pages\/12546\/revisions"}],"predecessor-version":[{"id":13359,"href":"https:\/\/quantitative-methoden.soziologie.uni-mainz.de\/en\/wp-json\/wp\/v2\/pages\/12546\/revisions\/13359"}],"wp:attachment":[{"href":"https:\/\/quantitative-methoden.soziologie.uni-mainz.de\/en\/wp-json\/wp\/v2\/media?parent=12546"}],"wp:term":[{"taxonomy":"category","embeddable":true,"href":"https:\/\/quantitative-methoden.soziologie.uni-mainz.de\/en\/wp-json\/wp\/v2\/categories?post=12546"},{"taxonomy":"post_tag","embeddable":true,"href":"https:\/\/quantitative-methoden.soziologie.uni-mainz.de\/en\/wp-json\/wp\/v2\/tags?post=12546"}],"curies":[{"name":"wp","href":"https:\/\/api.w.org\/{rel}","templated":true}]}}