{"id":12564,"date":"2024-09-12T18:12:00","date_gmt":"2024-09-12T16:12:00","guid":{"rendered":"https:\/\/cms.zdv.uni-mainz.de\/fb02-soz-quant\/dr-miriam-truebner\/"},"modified":"2025-07-16T13:22:40","modified_gmt":"2025-07-16T11:22:40","slug":"9641-2","status":"publish","type":"page","link":"https:\/\/quantitative-methoden.soziologie.uni-mainz.de\/en\/9641-2\/","title":{"rendered":"Profile: Dr. Miriam Tr\u00fcbner"},"content":{"rendered":"\n<div class=\"wp-block-media-text is-vertically-aligned-top wp-elements-f0f28834fb380e1942d35813342e3291\" style=\"grid-template-columns:21% auto\"><figure class=\"wp-block-media-text__media\"><img decoding=\"async\" src=\"https:\/\/quantitative-methoden.soziologie.uni-mainz.de\/wp-content\/uploads\/sites\/360\/2024\/09\/300-\u00a9-Jurate-Jablonskyte_2747_1-300x300-1.jpg\" alt=\"\" class=\"wp-image-9644 size-full\" \/><\/figure><div class=\"wp-block-media-text__content\"><jgu-base-heading react-props=\"{\n    &quot;tags&quot;: {\n        &quot;htmlTag&quot;: &quot;h2&quot;,\n        &quot;classTag&quot;: &quot;&quot;,\n        &quot;tag&quot;: &quot;h2&quot;\n    },\n    &quot;heading&quot;: &quot;Dr. Miriam Tr\\u00fcbner&quot;,\n    &quot;textAlign&quot;: &quot;left&quot;,\n    &quot;anchor&quot;: &quot;&quot;,\n    &quot;index&quot;: &quot;&quot;,\n    &quot;color&quot;: &quot;red&quot;\n}\"><\/jgu-base-heading>\n\n\n<jgu-base-heading react-props=\"{\n    &quot;tags&quot;: {\n        &quot;htmlTag&quot;: &quot;h3&quot;,\n        &quot;classTag&quot;: &quot;&quot;,\n        &quot;tag&quot;: &quot;h3&quot;\n    },\n    &quot;heading&quot;: &quot;Main research areas&quot;,\n    &quot;textAlign&quot;: &quot;left&quot;,\n    &quot;anchor&quot;: &quot;&quot;,\n    &quot;index&quot;: &quot;&quot;,\n    &quot;color&quot;: &quot;red&quot;\n}\"><\/jgu-base-heading>\n\n\n\n<p>Socioeconomics of private households<br\/>Social inequality and social structure<br\/>Methods of empirical social research<\/p>\n\n\n\n<div class=\"wp-block-group is-layout-constrained wp-block-group-is-layout-constrained\"><jgu-base-accordion react-props=\"{&quot;selected&quot;:4,&quot;align&quot;:&quot;wide&quot;,&quot;hasAllOpenButton&quot;:true,&quot;onlyOne&quot;:false,&quot;initAllClosed&quot;:true,&quot;enableSearch&quot;:false}\">\n    \n<jgu-base-accordionitem react-props=\"{&quot;title&quot;:&quot;Contact&quot;,&quot;init&quot;:false,&quot;slug&quot;:&quot;kontakt&quot;,&quot;align&quot;:&quot;wide&quot;,&quot;customSlug&quot;:false}\">\n    \n\n<p>Dr. Miriam Tr\u00fcbner<\/p>\n\n\n\n<p>Institute of Sociology<br\/>Working Group Sociology and Methods of Quantitative Social Research<br\/>Jakob-Welder-Weg 12<br\/>55128 Mainz<br\/>Room 03-450, Georg-Forster-Building<\/p>\n\n\n\n<p>Phone: +49 6131 39 21671<br\/>Fax: +49 6131 39 26157<\/p>\n\n\n\n<p>E-mail:<br\/><a href=\"mailto:truebner@uni-mainz.de\">truebner@uni-mainz.de<\/a><\/p>\n\n\n<\/jgu-base-accordionitem>\n\n<jgu-base-accordionitem react-props=\"{&quot;title&quot;:&quot;Vita&quot;,&quot;init&quot;:false,&quot;slug&quot;:&quot;vita&quot;,&quot;align&quot;:&quot;wide&quot;,&quot;customSlug&quot;:false}\">\n    \n<jgu-base-heading react-props=\"{\n    &quot;tags&quot;: {\n        &quot;htmlTag&quot;: &quot;h4&quot;,\n        &quot;classTag&quot;: &quot;&quot;,\n        &quot;tag&quot;: &quot;h4&quot;\n    },\n    &quot;heading&quot;: &quot;Short biography&quot;,\n    &quot;textAlign&quot;: &quot;left&quot;,\n    &quot;anchor&quot;: &quot;&quot;,\n    &quot;index&quot;: &quot;&quot;,\n    &quot;color&quot;: &quot;red&quot;\n}\"><\/jgu-base-heading>\n\n\n\n<div class=\"wp-block-columns is-layout-flex wp-container-core-columns-is-layout-9d6595d7 wp-block-columns-is-layout-flex\">\n<div class=\"wp-block-column is-layout-flow wp-block-column-is-layout-flow\" style=\"flex-basis:100%\">\n<figure class=\"wp-block-table is-style-regular\"><table class=\"has-fixed-layout\"><tbody><tr><td>Since 2023<\/td><td>Research assistant at the Chair of Sociology and Methods of Quantitative Social Research at the University of Mainz (Prof. D. Natascha Nisic)<\/td><\/tr><tr><td><br\/>2024-2025<\/td><td>Interim professorship at the chair &#8220;Lifestyle and Socioeconomics of Private Households&#8221; at the University of Paderborn<\/td><\/tr><tr><td>2023-2024<\/td><td>Research assistant in the third-party funded project &#8220;Acceptance of Naturopathy and Complementary Medicine in Germany&#8221; at the Chair of Sociology, especially Social Inequality at the University of Bamberg (Prof. Dr. Rasmus Hoffmann)<\/td><\/tr><tr><td>2020-2023<\/td><td>Research assistant in the DFG project: &#8220;In the field of tension between need and acceptance &#8211; the demand for household-related and family-supporting services in Germany and in international comparison&#8221; at the Chair of Sociology and Methods of Quantitative Social Research at the University of Mainz (Prof. Dr. Natascha Nisic)<\/td><\/tr><tr><td>2020<\/td><td>Doctorate in the subject of Sociology at the University of Bonn; subject of the doctoral dissertation: &#8220;Division of labor in couple households. A dyadic study of the distribution of tasks in partnerships&#8221;<\/td><\/tr><tr><td>2019-2020<\/td><td>Research assistant in the DFG project: &#8220;In the field of tension between need and acceptance &#8211; the demand for household-related and family-supporting services in Germany and in international comparison&#8221; at the Chair of Lifestyle and Socioeconomics of the Private Household at the University of Paderborn (Prof. Dr. Natascha Nisic)<\/td><\/tr><tr><td>2011-2019<\/td><td>Research assistant at the chair of empirical social research methods at the University of Bonn (Prof. Dr. J\u00f6rg Blasius)<\/td><\/tr><tr><td>2011<\/td><td>Degree in economics from the University of Bonn. Topic of the diploma thesis: &#8220;Time Allocation and Happiness&#8221; <\/td><\/tr><tr><td>2011<\/td><td>Master&#8217;s degree in North American Regional Studies from the University of Bonn. Topic of the master&#8217;s thesis: &#8220;Social capital and the transmission of education in American families: a quantitative analysis&#8221; <\/td><\/tr><tr><td>2005-2011<\/td><td>Program of study in Economics with a focus on Statistics and Economic Policy at the University of Bonn<\/td><\/tr><tr><td>2004-2011<\/td><td>Program of study in North American Regional Studies with minors in Political Science and Economics at the University of Bonn<\/td><\/tr><\/tbody><\/table><\/figure>\n<\/div>\n<\/div>\n\n\n<\/jgu-base-accordionitem>\n\n<jgu-base-accordionitem react-props=\"{&quot;title&quot;:&quot;Teaching&quot;,&quot;init&quot;:false,&quot;slug&quot;:&quot;lehre&quot;,&quot;align&quot;:&quot;wide&quot;,&quot;customSlug&quot;:false}\">\n    \n\t<ol class=\"wp-block-list has-big-font-size\">\n\t\t\t\t\t<li>\n\t\t\t<a href=\"?event_id=395465390647616&amp;skip_groups=false\">\n\t\t\t\tSeminar: Methoden der quantitativen empirischen Sozialforschung<\/a><br>\n\t\t\t\tInstructor: Johanna Hoff; Sarah Mandrella; Dr. J\u00fcrgen Schiener; Dr. Frank Sin\u00df; Dr. Miriam Tr\u00fcbner\t\t\t\t\t\t<\/li>\n\t\t<\/ol>\n\t<hr>\n<p>\n\tSoSe 2026\t<\/p>\n\n\n\n<\/jgu-base-accordionitem>\n\n<jgu-base-accordionitem react-props=\"{&quot;title&quot;:&quot;Publications &quot;,&quot;init&quot;:false,&quot;slug&quot;:&quot;publikationen&quot;,&quot;align&quot;:&quot;wide&quot;,&quot;customSlug&quot;:false}\">\n    \n<jgu-base-heading react-props=\"{\n    &quot;tags&quot;: {\n        &quot;htmlTag&quot;: &quot;h4&quot;,\n        &quot;classTag&quot;: &quot;&quot;,\n        &quot;tag&quot;: &quot;h4&quot;\n    },\n    &quot;heading&quot;: &quot;Articles in professional journals (selection)&quot;,\n    &quot;textAlign&quot;: &quot;left&quot;,\n    &quot;anchor&quot;: &quot;&quot;,\n    &quot;index&quot;: &quot;&quot;,\n    &quot;color&quot;: &quot;red&quot;\n}\"><\/jgu-base-heading>\n\n\n\n<figure class=\"wp-block-table\"><table><tbody><tr><td>Tr\u00fcbner, Miriam; Patzina, Alexander; Lehmann, Judith; Brinkhaus, Benno; Kessler, Christian\/Rasmus Hoffmann (2025): Health Information Seeking Behavior among Users of Traditional, Complementary and Integrative Medicine (TCIM). In: BMC Complementary Medicine and Therapies 25(11): 111.* <\/td><\/tr><tr><td>Tr\u00fcbner, Miriam and Natascha Nisic (2024): Sociocultural Barriers to Outsourcing Housework: Unraveling the Non-Use of Domestic Services. In: International Journal of Consumer Studies, 48(3), e13042.  https:\/\/doi.org\/10.1111\/ijcs.13042*<\/td><\/tr><tr><td>Nisic, Natascha and Miriam Tr\u00fcbner (2023): Doing Housework in Context: Dyadic Analyses of the Division of Domestic Labor in Contemporary Couples. In: Journal of Family Issues (forthcoming). <\/td><\/tr><tr><td>Tr\u00fcbner, Miriam, Natascha Nisic, Alicia Dunker and Stefanie Kley (2022): Sustainable food consumption &#8211; a question of social differentiation? In: Social World, 73(4): 680-712. <\/td><\/tr><tr><td>Mergener, Alexandra and Miriam Tr\u00fcbner (2022): Social relations and employees&#8217; rejection of Working from Home: A social exchange perspective. In: New Technology, Work and Employment, 37(3): 469-487. <\/td><\/tr><tr><td>Tr\u00fcbner, Miriam (2022): Conflicts over the Division of Domestic Labor: A Matter of Gender-Specific Expectations and Needs. In: Journal of Social and Personal Relationships 39(9): 2825-2846. <\/td><\/tr><tr><td>Tr\u00fcbner, Miriam (2021): The Dynamics of &#8220;neither agree nor disagree&#8221; in Attitudinal Questions. In: Journal of Survey Statistics and Methodology 9(1): 51-72. <\/td><\/tr><\/tbody><\/table><\/figure>\n\n\n<jgu-base-heading react-props=\"{\n    &quot;tags&quot;: {\n        &quot;htmlTag&quot;: &quot;h4&quot;,\n        &quot;classTag&quot;: &quot;&quot;,\n        &quot;tag&quot;: &quot;h4&quot;\n    },\n    &quot;heading&quot;: &quot;Monograph&quot;,\n    &quot;textAlign&quot;: &quot;left&quot;,\n    &quot;anchor&quot;: &quot;&quot;,\n    &quot;index&quot;: &quot;&quot;,\n    &quot;color&quot;: &quot;red&quot;\n}\"><\/jgu-base-heading>\n\n\n\n<figure class=\"wp-block-table\"><table><tbody><tr><td>Tr\u00fcbner, Miriam (2020): Division of labor in couple households. A dyadic study of the division of labor in couples. Bonn Series of Empirical Social Research, Volume 3. Opladen, Berlin, Toronto: Verlag Barbara Budrich. (dissertation)   <\/td><\/tr><\/tbody><\/table><\/figure>\n\n\n<jgu-base-heading react-props=\"{\n    &quot;tags&quot;: {\n        &quot;htmlTag&quot;: &quot;h4&quot;,\n        &quot;classTag&quot;: &quot;&quot;,\n        &quot;tag&quot;: &quot;h4&quot;\n    },\n    &quot;heading&quot;: &quot;Manual contributions (current issues)&quot;,\n    &quot;textAlign&quot;: &quot;left&quot;,\n    &quot;anchor&quot;: &quot;&quot;,\n    &quot;index&quot;: &quot;&quot;,\n    &quot;color&quot;: &quot;red&quot;\n}\"><\/jgu-base-heading>\n\n\n\n<figure class=\"wp-block-table\"><table><tbody><tr><td>Tr\u00fcbner, Miriam and Andreas M\u00fchlichen (2022): Big Data. In: Baur, Nina and J\u00f6rg Blasius (eds.): Handbuch der empirical social research, 3rd edition, Springer VS, pp. 179-193. <\/td><\/tr><tr><td>Tr\u00fcbner, Miriam (2022): Time use data. In: Baur, Nina and J\u00f6rg Blasius (eds.): Handbuch der empirical social research, 3rd edition, Springer VS, pp. 1405-1413.<\/td><\/tr><tr><td>Tr\u00fcbner, Miriam and Tobias Schmies (2022): Surveys of special populations. 2nd updated and expanded edition. In: Baur, Nina and J\u00f6rg Blasius (eds.): Handbuch der empirical social research, Springer VS, 3rd updated edition, pp. 1231-1245.   <\/td><\/tr><\/tbody><\/table><\/figure>\n\n\n<\/jgu-base-accordionitem>\n\n<\/jgu-base-accordion>\n<\/div>\n<\/div><\/div>\n\n<div style=\"height:90px\" aria-hidden=\"true\" class=\"wp-block-spacer\"><\/div>\n\n<div style=\"height:90px\" aria-hidden=\"true\" class=\"wp-block-spacer\"><\/div>\n    <div style=\"display: none\">\n        \n    <\/div>","protected":false},"excerpt":{"rendered":"","protected":false},"author":789,"featured_media":0,"parent":0,"menu_order":0,"comment_status":"closed","ping_status":"closed","template":"","meta":{"footnotes":""},"categories":[],"tags":[],"class_list":["post-12564","page","type-page","status-publish","hentry"],"content_raw":"<!-- wp:media-text {\"mediaId\":9644,\"mediaLink\":\"https:\/\/cms.zdv.uni-mainz.de\/fb02-soz-quant\/?attachment_id=9644\",\"mediaType\":\"image\",\"mediaWidth\":21,\"isStackedOnMobile\":false,\"verticalAlignment\":\"top\",\"style\":{\"elements\":{\"h1\":{\"color\":{\"gradient\":\"var:preset|gradient|blush-bordeaux\"}}}},\"translatedWithWPMLTM\":\"1\"} -->\n<div class=\"wp-block-media-text is-vertically-aligned-top\" style=\"grid-template-columns:21% auto\"><figure class=\"wp-block-media-text__media\"><img src=\"https:\/\/cms.zdv.uni-mainz.de\/fb02-soz-quant\/wp-content\/uploads\/sites\/360\/2024\/09\/300-\u00a9-Jurate-Jablonskyte_2747_1-300x300-1.jpg\" alt=\"\" class=\"wp-image-9644 size-full\" \/><\/figure><div class=\"wp-block-media-text__content\"><!-- wp:jgu\/heading {\"tags\":{\"htmlTag\":\"h2\",\"classTag\":\"\",\"tag\":\"h2\"},\"heading\":\"Dr. Miriam Tr\u00fcbner\"} \/-->\n\n<!-- wp:jgu\/heading {\"tags\":{\"htmlTag\":\"h3\",\"classTag\":\"\",\"tag\":\"h3\"},\"heading\":\"Main research areas\"} \/-->\n\n<!-- wp:paragraph {\"translatedWithWPMLTM\":\"1\"} -->\n<p>Socioeconomics of private households<br\/>Social inequality and social structure<br\/>Methods of empirical social research<\/p>\n<!-- \/wp:paragraph -->\n\n<!-- wp:group {\"layout\":{\"type\":\"constrained\"}} -->\n<div class=\"wp-block-group\"><!-- wp:jgu\/accordion {\"selected\":4} -->\n<!-- wp:jgu\/accordion-item {\"title\":\"Contact\",\"init\":false,\"slug\":\"kontakt\"} -->\n<!-- wp:paragraph -->\n<p>Dr. Miriam Tr\u00fcbner<\/p>\n<!-- \/wp:paragraph -->\n\n<!-- wp:paragraph {\"translatedWithWPMLTM\":\"1\"} -->\n<p>Institute of Sociology<br\/>Working Group Sociology and Methods of Quantitative Social Research<br\/>Jakob-Welder-Weg 12<br\/>55128 Mainz<br\/>Room 03-450, Georg-Forster-Building<\/p>\n<!-- \/wp:paragraph -->\n\n<!-- wp:paragraph {\"translatedWithWPMLTM\":\"1\"} -->\n<p>Phone: +49 6131 39 21671<br\/>Fax: +49 6131 39 26157<\/p>\n<!-- \/wp:paragraph -->\n\n<!-- wp:paragraph {\"translatedWithWPMLTM\":\"1\"} -->\n<p>E-mail:<br\/><a href=\"mailto:truebner@uni-mainz.de\">truebner@uni-mainz.de<\/a><\/p>\n<!-- \/wp:paragraph -->\n<!-- \/wp:jgu\/accordion-item -->\n\n<!-- wp:jgu\/accordion-item {\"title\":\"Vita\",\"init\":false,\"slug\":\"vita\"} -->\n<!-- wp:jgu\/heading {\"tags\":{\"htmlTag\":\"h4\",\"classTag\":\"\",\"tag\":\"h4\"},\"heading\":\"Short biography\"} \/-->\n\n<!-- wp:columns -->\n<div class=\"wp-block-columns\"><!-- wp:column {\"width\":\"100%\"} -->\n<div class=\"wp-block-column\" style=\"flex-basis:100%\"><!-- wp:table {\"hasFixedLayout\":true,\"className\":\"is-style-regular\",\"translatedWithWPMLTM\":\"1\"} -->\n<figure class=\"wp-block-table is-style-regular\"><table class=\"has-fixed-layout\"><tbody><tr><td>Since 2023<\/td><td>Research assistant at the Chair of Sociology and Methods of Quantitative Social Research at the University of Mainz (Prof. D. Natascha Nisic)<\/td><\/tr><tr><td><br\/>2024-2025<\/td><td>Interim professorship at the chair \"Lifestyle and Socioeconomics of Private Households\" at the University of Paderborn<\/td><\/tr><tr><td>2023-2024<\/td><td>Research assistant in the third-party funded project \"Acceptance of Naturopathy and Complementary Medicine in Germany\" at the Chair of Sociology, especially Social Inequality at the University of Bamberg (Prof. Dr. Rasmus Hoffmann)<\/td><\/tr><tr><td>2020-2023<\/td><td>Research assistant in the DFG project: \"In the field of tension between need and acceptance - the demand for household-related and family-supporting services in Germany and in international comparison\" at the Chair of Sociology and Methods of Quantitative Social Research at the University of Mainz (Prof. Dr. Natascha Nisic)<\/td><\/tr><tr><td>2020<\/td><td>Doctorate in the subject of Sociology at the University of Bonn; subject of the doctoral dissertation: \"Division of labor in couple households. A dyadic study of the distribution of tasks in partnerships\"<\/td><\/tr><tr><td>2019-2020<\/td><td>Research assistant in the DFG project: \"In the field of tension between need and acceptance - the demand for household-related and family-supporting services in Germany and in international comparison\" at the Chair of Lifestyle and Socioeconomics of the Private Household at the University of Paderborn (Prof. Dr. Natascha Nisic)<\/td><\/tr><tr><td>2011-2019<\/td><td>Research assistant at the chair of empirical social research methods at the University of Bonn (Prof. Dr. J\u00f6rg Blasius)<\/td><\/tr><tr><td>2011<\/td><td>Degree in economics from the University of Bonn. Topic of the diploma thesis: \"Time Allocation and Happiness\" <\/td><\/tr><tr><td>2011<\/td><td>Master's degree in North American Regional Studies from the University of Bonn. Topic of the master's thesis: \"Social capital and the transmission of education in American families: a quantitative analysis\" <\/td><\/tr><tr><td>2005-2011<\/td><td>Program of study in Economics with a focus on Statistics and Economic Policy at the University of Bonn<\/td><\/tr><tr><td>2004-2011<\/td><td>Program of study in North American Regional Studies with minors in Political Science and Economics at the University of Bonn<\/td><\/tr><\/tbody><\/table><\/figure>\n<!-- \/wp:table --><\/div>\n<!-- \/wp:column --><\/div>\n<!-- \/wp:columns -->\n<!-- \/wp:jgu\/accordion-item -->\n\n<!-- wp:jgu\/accordion-item {\"title\":\"Teaching\",\"init\":false,\"slug\":\"lehre\"} -->\n<!-- wp:jgu\/jogustine {\"instructor\":\"Miriam Tr\u00fcbner\"} \/-->\n<!-- \/wp:jgu\/accordion-item -->\n\n<!-- wp:jgu\/accordion-item {\"title\":\"Publications \",\"init\":false,\"slug\":\"publikationen\"} -->\n<!-- wp:jgu\/heading {\"tags\":{\"htmlTag\":\"h4\",\"classTag\":\"\",\"tag\":\"h4\"},\"heading\":\"Articles in professional journals (selection)\"} \/-->\n\n<!-- wp:table {\"translatedWithWPMLTM\":\"1\"} -->\n<figure class=\"wp-block-table\"><table><tbody><tr><td>Tr\u00fcbner, Miriam; Patzina, Alexander; Lehmann, Judith; Brinkhaus, Benno; Kessler, Christian\/Rasmus Hoffmann (2025): Health Information Seeking Behavior among Users of Traditional, Complementary and Integrative Medicine (TCIM). In: BMC Complementary Medicine and Therapies 25(11): 111.* <\/td><\/tr><tr><td>Tr\u00fcbner, Miriam and Natascha Nisic (2024): Sociocultural Barriers to Outsourcing Housework: Unraveling the Non-Use of Domestic Services. In: International Journal of Consumer Studies, 48(3), e13042.  https:\/\/doi.org\/10.1111\/ijcs.13042*<\/td><\/tr><tr><td>Nisic, Natascha and Miriam Tr\u00fcbner (2023): Doing Housework in Context: Dyadic Analyses of the Division of Domestic Labor in Contemporary Couples. In: Journal of Family Issues (forthcoming). <\/td><\/tr><tr><td>Tr\u00fcbner, Miriam, Natascha Nisic, Alicia Dunker and Stefanie Kley (2022): Sustainable food consumption - a question of social differentiation? In: Social World, 73(4): 680-712. <\/td><\/tr><tr><td>Mergener, Alexandra and Miriam Tr\u00fcbner (2022): Social relations and employees' rejection of Working from Home: A social exchange perspective. In: New Technology, Work and Employment, 37(3): 469-487. <\/td><\/tr><tr><td>Tr\u00fcbner, Miriam (2022): Conflicts over the Division of Domestic Labor: A Matter of Gender-Specific Expectations and Needs. In: Journal of Social and Personal Relationships 39(9): 2825-2846. <\/td><\/tr><tr><td>Tr\u00fcbner, Miriam (2021): The Dynamics of \"neither agree nor disagree\" in Attitudinal Questions. In: Journal of Survey Statistics and Methodology 9(1): 51-72. <\/td><\/tr><\/tbody><\/table><\/figure>\n<!-- \/wp:table -->\n\n<!-- wp:jgu\/heading {\"tags\":{\"htmlTag\":\"h4\",\"classTag\":\"\",\"tag\":\"h4\"},\"heading\":\"Monograph\"} \/-->\n\n<!-- wp:table {\"translatedWithWPMLTM\":\"1\"} -->\n<figure class=\"wp-block-table\"><table><tbody><tr><td>Tr\u00fcbner, Miriam (2020): Division of labor in couple households. A dyadic study of the division of labor in couples. Bonn Series of Empirical Social Research, Volume 3. Opladen, Berlin, Toronto: Verlag Barbara Budrich. (dissertation)   <\/td><\/tr><\/tbody><\/table><\/figure>\n<!-- \/wp:table -->\n\n<!-- wp:jgu\/heading {\"tags\":{\"htmlTag\":\"h4\",\"classTag\":\"\",\"tag\":\"h4\"},\"heading\":\"Manual contributions (current issues)\"} \/-->\n\n<!-- wp:table {\"translatedWithWPMLTM\":\"1\"} -->\n<figure class=\"wp-block-table\"><table><tbody><tr><td>Tr\u00fcbner, Miriam and Andreas M\u00fchlichen (2022): Big Data. In: Baur, Nina and J\u00f6rg Blasius (eds.): Handbuch der empirical social research, 3rd edition, Springer VS, pp. 179-193. <\/td><\/tr><tr><td>Tr\u00fcbner, Miriam (2022): Time use data. In: Baur, Nina and J\u00f6rg Blasius (eds.): Handbuch der empirical social research, 3rd edition, Springer VS, pp. 1405-1413.<\/td><\/tr><tr><td>Tr\u00fcbner, Miriam and Tobias Schmies (2022): Surveys of special populations. 2nd updated and expanded edition. In: Baur, Nina and J\u00f6rg Blasius (eds.): Handbuch der empirical social research, Springer VS, 3rd updated edition, pp. 1231-1245.   <\/td><\/tr><\/tbody><\/table><\/figure>\n<!-- \/wp:table -->\n<!-- \/wp:jgu\/accordion-item -->\n<!-- \/wp:jgu\/accordion --><\/div>\n<!-- \/wp:group --><\/div><\/div>\n<!-- \/wp:media-text --><!-- wp:spacer -->\n<div style=\"height:90px\" aria-hidden=\"true\" class=\"wp-block-spacer\"><\/div>\n<!-- \/wp:spacer --><!-- wp:spacer -->\n<div style=\"height:90px\" aria-hidden=\"true\" class=\"wp-block-spacer\"><\/div>\n<!-- \/wp:spacer -->","_links":{"self":[{"href":"https:\/\/quantitative-methoden.soziologie.uni-mainz.de\/en\/wp-json\/wp\/v2\/pages\/12564","targetHints":{"allow":["GET"]}}],"collection":[{"href":"https:\/\/quantitative-methoden.soziologie.uni-mainz.de\/en\/wp-json\/wp\/v2\/pages"}],"about":[{"href":"https:\/\/quantitative-methoden.soziologie.uni-mainz.de\/en\/wp-json\/wp\/v2\/types\/page"}],"author":[{"embeddable":true,"href":"https:\/\/quantitative-methoden.soziologie.uni-mainz.de\/en\/wp-json\/wp\/v2\/users\/789"}],"replies":[{"embeddable":true,"href":"https:\/\/quantitative-methoden.soziologie.uni-mainz.de\/en\/wp-json\/wp\/v2\/comments?post=12564"}],"version-history":[{"count":9,"href":"https:\/\/quantitative-methoden.soziologie.uni-mainz.de\/en\/wp-json\/wp\/v2\/pages\/12564\/revisions"}],"predecessor-version":[{"id":13587,"href":"https:\/\/quantitative-methoden.soziologie.uni-mainz.de\/en\/wp-json\/wp\/v2\/pages\/12564\/revisions\/13587"}],"wp:attachment":[{"href":"https:\/\/quantitative-methoden.soziologie.uni-mainz.de\/en\/wp-json\/wp\/v2\/media?parent=12564"}],"wp:term":[{"taxonomy":"category","embeddable":true,"href":"https:\/\/quantitative-methoden.soziologie.uni-mainz.de\/en\/wp-json\/wp\/v2\/categories?post=12564"},{"taxonomy":"post_tag","embeddable":true,"href":"https:\/\/quantitative-methoden.soziologie.uni-mainz.de\/en\/wp-json\/wp\/v2\/tags?post=12564"}],"curies":[{"name":"wp","href":"https:\/\/api.w.org\/{rel}","templated":true}]}}