{"id":12642,"date":"2024-09-11T15:10:08","date_gmt":"2024-09-11T13:10:08","guid":{"rendered":"https:\/\/cms.zdv.uni-mainz.de\/fb02-soz-quant\/courses-of-the-working-group\/"},"modified":"2025-01-08T14:55:07","modified_gmt":"2025-01-08T13:55:07","slug":"courses-of-the-working-group","status":"publish","type":"page","link":"https:\/\/quantitative-methoden.soziologie.uni-mainz.de\/en\/courses-of-the-working-group\/","title":{"rendered":"Courses of the working group"},"content":{"rendered":"<jgu-base-pageheader react-props=\"{\n    &quot;items&quot;: [\n        {\n            &quot;box&quot;: {\n                &quot;index&quot;: &quot;&quot;,\n                &quot;title&quot;: &quot;Courses of the working group&quot;,\n                &quot;link&quot;: {\n                    &quot;url&quot;: &quot;&quot;,\n                    &quot;title&quot;: &quot;learn more&quot;\n                }\n            },\n            &quot;color&quot;: &quot;light&quot;,\n            &quot;image&quot;: {\n                &quot;url&quot;: &quot;&quot;\n            },\n            &quot;imgCredit&quot;: &quot;&quot;,\n            &quot;useVideo&quot;: false,\n            &quot;video&quot;: false\n        }\n    ],\n    &quot;type&quot;: &quot;small&quot;,\n    &quot;align&quot;: &quot;full&quot;,\n    &quot;quicklinks&quot;: {\n        &quot;show&quot;: false,\n        &quot;selects&quot;: []\n    },\n    &quot;useBreadcrumb&quot;: false\n}\">\n<\/jgu-base-pageheader>\t\t\t\t<h2>Lecture<\/h2>\n\t\t<ul>\n\t\t\t\t\t\t\t\t\t\t\t\t\t\t\t\t\t\t\t\t\t\t\t\t\t\t\t\t\t\t\t\t\t\t\t\t\t\t\t\t\t\t\t\t\t\t\t\t\t\t\t\t\t\t\t\t\t\t\t\t\t\t\t\t\t\t\t\t\t\t\t\t\t\t\t\t\t\t\t\t\t\t\t\t\t\t\t\t\t\t\t\t\t\t\t\t<li>\n\t\t\t\t\t\t<a href=\"?event_id=395465390666613&amp;skip_groups=false\">\n\t\t\t\t\t\t\tVorlesung: Methoden der quantitativen empirischen Sozialforschung\t\t\t\t\t\t<\/a>\n\t\t\t\t\t\t<br>Instructor: Prof. Dr. Natascha Nisic\t\t\t\t\t\t\t\t\t\t\t<\/li>\n\t\t\t\t\t\t\t\t\t<\/ul>\n\t\t\t<h2>Seminar<\/h2>\n\t\t<ul>\n\t\t\t\t\t\t\t\t\t\t\t\t\t\t\t\t\t\t\t\t\t\t\t\t\t\t\t\t\t\t\t\t\t\t\t\t\t\t\t\t\t\t\t\t\t\t\t\t\t\t\t\t\t\t<li>\n\t\t\t\t\t\t<a href=\"?event_id=395525890339852&amp;skip_groups=false\">\n\t\t\t\t\t\t\tSeminar: Mehrebenen- und Panelanalyse\t\t\t\t\t\t<\/a>\n\t\t\t\t\t\t<br>Instructor: Prof. Dr. Natascha Nisic\t\t\t\t\t\t\t\t\t\t\t<\/li>\n\t\t\t\t\t\t\t\t\t\t\t\t\t\t\t\t<li>\n\t\t\t\t\t\t<a href=\"?event_id=395465390647616&amp;skip_groups=false\">\n\t\t\t\t\t\t\tSeminar: Methoden der quantitativen empirischen Sozialforschung\t\t\t\t\t\t<\/a>\n\t\t\t\t\t\t<br>Instructor: Johanna Hoff; Sarah Mandrella; Dr. J\u00fcrgen Schiener; Dr. Frank Sin\u00df; Dr. Miriam Tr\u00fcbner\t\t\t\t\t\t\t\t\t\t\t<\/li>\n\t\t\t\t\t\t\t\t\t\t\t\t\t\t\t\t<li>\n\t\t\t\t\t\t<a href=\"?event_id=395527222137873&amp;skip_groups=false\">\n\t\t\t\t\t\t\tSeminar: Modellierung sozialer Prozesse: Einf\u00fchrung in agentenbasierte Simulationen mit NetLogo\t\t\t\t\t\t<\/a>\n\t\t\t\t\t\t<br>Instructor: Dr. Nico Sonntag\t\t\t\t\t\t\t\t\t\t\t<\/li>\n\t\t\t\t\t\t\t\t\t\t\t\t\t\t\t\t<li>\n\t\t\t\t\t\t<a href=\"?event_id=395525746302140&amp;skip_groups=false\">\n\t\t\t\t\t\t\tSeminar: Organisationssoziologie\t\t\t\t\t\t<\/a>\n\t\t\t\t\t\t<br>Instructor: Dr. J\u00fcrgen Schiener\t\t\t\t\t\t\t\t\t\t\t<\/li>\n\t\t\t\t\t\t\t\t\t\t\t\t\t\t\t\t<li>\n\t\t\t\t\t\t<a href=\"?event_id=395527799884879&amp;skip_groups=false\">\n\t\t\t\t\t\t\tSeminar: Wirtschaftssoziologie\t\t\t\t\t\t<\/a>\n\t\t\t\t\t\t<br>Instructor: Prof. Dr. Natascha Nisic\t\t\t\t\t\t\t\t\t\t\t<\/li>\n\t\t\t\t\t\t\t\t\t\t\t\t\t\t\t\t\t\t\t\t\t\t\t<\/ul>\n\t\t\t<h2>Colloquium<\/h2>\n\t\t<ul>\n\t\t\t\t\t\t\t\t\t\t\t\t<li>\n\t\t\t\t\t\t<a href=\"?event_id=395465920607150&amp;skip_groups=false\">\n\t\t\t\t\t\t\tAG: Fragen der angewandten Statistik\t\t\t\t\t\t<\/a>\n\t\t\t\t\t\t<br>Instructor: Dr. J\u00fcrgen Schiener\t\t\t\t\t\t\t\t\t\t\t<\/li>\n\t\t\t\t\t\t\t\t\t\t\t\t\t\t\t\t<li>\n\t\t\t\t\t\t<a href=\"?event_id=395465920610148&amp;skip_groups=false\">\n\t\t\t\t\t\t\tForschungskolloquium &quot;Methoden und Sozialstruktur&quot;\t\t\t\t\t\t<\/a>\n\t\t\t\t\t\t<br>Instructor: Prof. Dr. Natascha Nisic; Univ-Prof. Dr. Gunnar Otte\t\t\t\t\t\t\t\t\t\t\t<\/li>\n\t\t\t\t\t\t\t\t\t\t\t\t\t\t\t\t<li>\n\t\t\t\t\t\t<a href=\"?event_id=395465922677281&amp;skip_groups=false\">\n\t\t\t\t\t\t\tKolloquium: Das Spektrum der Mainzer Soziologien\t\t\t\t\t\t<\/a>\n\t\t\t\t\t\t<br>Instructor: Prof. Dr. Petra Ahrweiler; Blanca Luque Capellas; Jun.-Prof. Dr. Tobias Boll; Univ.-Prof. Dr. Sascha Dickel; Univ.-Prof. Dr. Marina Hennig; Univ.-Prof. Dr. Stephan Hirschauer; Univ.-Prof. Dr. Herbert Kalthoff; Prof. Dr. Natascha Nisic; Univ-Prof. Dr. Gunnar Otte\t\t\t\t\t\t\t\t\t\t\t<\/li>\n\t\t\t\t\t\t\t\t\t\t\t\t\t\t\t\t<li>\n\t\t\t\t\t\t<a href=\"?event_id=395465921340201&amp;skip_groups=false\">\n\t\t\t\t\t\t\tKolloquium: Examenskolloquium Bachelor- und Masterarbeiten (AB Nisic)\t\t\t\t\t\t<\/a>\n\t\t\t\t\t\t<br>Instructor: Prof. Dr. Natascha Nisic\t\t\t\t\t\t\t\t\t\t\t<\/li>\n\t\t\t\t\t\t\t\t\t\t\t\t\t\t\t\t\t\t\t\t\t\t\t\t\t\t\t\t\t\t\t\t\t\t\t\t\t\t\t\t\t\t\t\t\t\t\t\t\t\t\t\t\t\t\t\t\t\t\t\t\t\t\t\t\t\t\t\t\t\t\t\t<\/ul>\n\t\t\t<h2>Tutorial<\/h2>\n\t\t<ul>\n\t\t\t\t\t\t\t\t\t\t\t\t\t\t\t\t\t\t\t\t\t\t\t\t\t\t\t\t\t\t\t\t\t\t\t\t\t\t\t\t\t\t\t\t\t\t\t\t\t\t\t\t\t\t\t\t\t\t\t\t\t\t\t\t\t\t\t\t\t\t\t\t\t\t\t\t\t\t\t\t\t\t\t\t\t\t\t\t\t<li>\n\t\t\t\t\t\t<a href=\"?event_id=395465299614587&amp;skip_groups=false\">\n\t\t\t\t\t\t\tTutorium: Soziale Unterschiede und moralische Urteile Tutorium (Teil 1)\u00a0\t\t\t\t\t\t<\/a>\n\t\t\t\t\t\t<br>Instructor: Dr. J\u00fcrgen Schiener; Dr. Nico Sonntag\t\t\t\t\t\t\t\t\t\t\t<\/li>\n\t\t\t\t\t\t\t\t\t\t\t\t\t\t\t\t<\/ul>\n\t\t\t<h2>Project seminar<\/h2>\n\t\t<ul>\n\t\t\t\t\t\t\t\t\t\t\t\t\t\t\t\t\t\t\t\t\t\t\t\t\t\t\t\t\t\t\t\t\t\t\t\t\t\t\t\t<li>\n\t\t\t\t\t\t<a href=\"?event_id=395525609567060&amp;skip_groups=false\">\n\t\t\t\t\t\t\tProjektseminar: Forschungspraktikum\t\t\t\t\t\t<\/a>\n\t\t\t\t\t\t<br>Instructor: Dr. Dirk B\u00f6pple; Georg Kolbeck; Dr. J\u00fcrgen Schiener; Svenja Wassenberg\t\t\t\t\t\t\t\t\t\t\t<\/li>\n\t\t\t\t\t\t\t\t\t\t\t\t\t\t\t\t<li>\n\t\t\t\t\t\t<a href=\"?event_id=395465299668584&amp;skip_groups=false\">\n\t\t\t\t\t\t\tProjektseminar: Soziale Unterschiede und moralische Urteile (Teil 1)\t\t\t\t\t\t<\/a>\n\t\t\t\t\t\t<br>Instructor: Dr. J\u00fcrgen Schiener; Dr. Nico Sonntag\t\t\t\t\t\t\t\t\t\t\t<\/li>\n\t\t\t\t\t\t\t\t\t\t\t\t\t\t\t\t\t\t\t\t\t\t\t\t\t\t\t\t\t\t\t\t\t\t\t\t\t\t\t\t\t\t\t\t\t\t\t\t\t\t\t\t\t\t\t\t\t\t<\/ul>\n\t\t<hr>\n<p>\n\tSoSe 2026\t<\/p>\n\n\n<div style=\"height:90px\" aria-hidden=\"true\" class=\"wp-block-spacer\"><\/div>\n    <div style=\"display: none\">\n        \n    <\/div>","protected":false},"excerpt":{"rendered":"","protected":false},"author":789,"featured_media":0,"parent":0,"menu_order":0,"comment_status":"closed","ping_status":"closed","template":"","meta":{"footnotes":""},"categories":[],"tags":[],"class_list":["post-12642","page","type-page","status-publish","hentry"],"content_raw":"<!-- wp:jgu\/pageheader {\"items\":[{\"box\":{\"index\":\"\",\"title\":\"Courses of the working group\",\"link\":{\"url\":\"\",\"title\":\"learn more\"}},\"color\":\"light\",\"image\":{\"url\":\"\"},\"imgCredit\":\"\",\"useVideo\":false,\"video\":false}],\"type\":\"small\"} \/--><!-- wp:shortcode -->\n[jogustine instructor=\"Natascha Nisic, J\u00fcrgen Schiener, Miriam Tr\u00fcbner, Friederike Molitor, Nico Sonntag\"]\n<!-- \/wp:shortcode --><!-- wp:spacer -->\n<div style=\"height:90px\" aria-hidden=\"true\" class=\"wp-block-spacer\"><\/div>\n<!-- \/wp:spacer -->","_links":{"self":[{"href":"https:\/\/quantitative-methoden.soziologie.uni-mainz.de\/en\/wp-json\/wp\/v2\/pages\/12642","targetHints":{"allow":["GET"]}}],"collection":[{"href":"https:\/\/quantitative-methoden.soziologie.uni-mainz.de\/en\/wp-json\/wp\/v2\/pages"}],"about":[{"href":"https:\/\/quantitative-methoden.soziologie.uni-mainz.de\/en\/wp-json\/wp\/v2\/types\/page"}],"author":[{"embeddable":true,"href":"https:\/\/quantitative-methoden.soziologie.uni-mainz.de\/en\/wp-json\/wp\/v2\/users\/789"}],"replies":[{"embeddable":true,"href":"https:\/\/quantitative-methoden.soziologie.uni-mainz.de\/en\/wp-json\/wp\/v2\/comments?post=12642"}],"version-history":[{"count":2,"href":"https:\/\/quantitative-methoden.soziologie.uni-mainz.de\/en\/wp-json\/wp\/v2\/pages\/12642\/revisions"}],"predecessor-version":[{"id":12648,"href":"https:\/\/quantitative-methoden.soziologie.uni-mainz.de\/en\/wp-json\/wp\/v2\/pages\/12642\/revisions\/12648"}],"wp:attachment":[{"href":"https:\/\/quantitative-methoden.soziologie.uni-mainz.de\/en\/wp-json\/wp\/v2\/media?parent=12642"}],"wp:term":[{"taxonomy":"category","embeddable":true,"href":"https:\/\/quantitative-methoden.soziologie.uni-mainz.de\/en\/wp-json\/wp\/v2\/categories?post=12642"},{"taxonomy":"post_tag","embeddable":true,"href":"https:\/\/quantitative-methoden.soziologie.uni-mainz.de\/en\/wp-json\/wp\/v2\/tags?post=12642"}],"curies":[{"name":"wp","href":"https:\/\/api.w.org\/{rel}","templated":true}]}}